{"id":4757,"date":"2025-12-01T15:28:33","date_gmt":"2025-12-01T15:28:33","guid":{"rendered":"https:\/\/omanda.ch\/allgemeine-geschaeftsbedingungen-2\/"},"modified":"2025-12-01T15:48:20","modified_gmt":"2025-12-01T15:48:20","slug":"allgemeine-geschaeftsbedingungen-de","status":"publish","type":"page","link":"https:\/\/omanda.ch\/fr\/allgemeine-geschaeftsbedingungen-de\/","title":{"rendered":"Allgemeine Gesch\u00e4ftsbedingungen EU"},"content":{"rendered":"<div data-elementor-type=\"wp-page\" data-elementor-id=\"4757\" class=\"elementor elementor-4757\" data-elementor-post-type=\"page\">\n\t\t\t\t\t\t<section class=\"elementor-section elementor-top-section elementor-element elementor-element-2245fe0b elementor-section-boxed elementor-section-height-default elementor-section-height-default\" data-id=\"2245fe0b\" data-element_type=\"section\" data-e-type=\"section\" data-settings=\"{&quot;jet_parallax_layout_list&quot;:[]}\">\n\t\t\t\t\t\t<div class=\"elementor-container elementor-column-gap-default\">\n\t\t\t\t\t<div class=\"elementor-column elementor-col-100 elementor-top-column elementor-element elementor-element-7891c5c8\" data-id=\"7891c5c8\" data-element_type=\"column\" data-e-type=\"column\">\n\t\t\t<div class=\"elementor-widget-wrap elementor-element-populated\">\n\t\t\t\t\t\t<div class=\"elementor-element elementor-element-6f73f16 elementor-widget elementor-widget-heading\" data-id=\"6f73f16\" data-element_type=\"widget\" data-e-type=\"widget\" data-widget_type=\"heading.default\">\n\t\t\t\t<div class=\"elementor-widget-container\">\n\t\t\t\t\t<h2 class=\"elementor-heading-title elementor-size-default\">Allgemeine Gesch\u00e4ftsbedingungen (AGB)\n<br>Der Omanda Europe GmbH<\/h2>\t\t\t\t<\/div>\n\t\t\t\t<\/div>\n\t\t\t\t<div class=\"elementor-element elementor-element-632cca3a elementor-widget elementor-widget-text-editor\" data-id=\"632cca3a\" data-element_type=\"widget\" data-e-type=\"widget\" data-widget_type=\"text-editor.default\">\n\t\t\t\t<div class=\"elementor-widget-container\">\n\t\t\t\t\t\t\t\t\t<p><b>\u00a7 1 Geltungsbereich<br \/><\/b>(1) Diese Allgemeinen Gesch\u00e4ftsbedingungen (AGB) gelten f\u00fcr alle Vertr\u00e4ge \u00fcber den Verkauf von Waren und die Erbringung von Dienstleistungen zwischen<br \/>Omanda Europe GmbH,<br \/>G\u00fcterstra\u00dfe 26, 79618 Rheinfelden, Deutschland, Telefon: +49 7531 5848155<br \/>E-Mail: info@omanda.de<br \/>Web: www.omanda.de<br \/>\u2013 nachfolgend \u201eOmanda\u201c genannt \u2013 und ihren Kunden.<br \/>(2) Kunden im Sinne dieser AGB sind sowohl Verbraucher (\u00a7 13 BGB) als auch Unternehmer (\u00a7 14 BGB). Soweit einzelne Regelungen ausschlie\u00dflich f\u00fcr Unternehmer gelten, ist dies ausdr\u00fccklich gekennzeichnet.<br \/>(3) Abweichende, entgegenstehende oder erg\u00e4nzende Allgemeine Gesch\u00e4ftsbedingungen des Kunden werden nur Vertragsbestandteil, wenn Omanda ihrer Geltung ausdr\u00fccklich schriftlich<br \/>zustimmt.<br \/>(4) Die AGB gelten in der zum Zeitpunkt des Vertragsschlusses g\u00fcltigen Fassung. Der Kunde kann den Text der AGB jederzeit auf der Website von Omanda einsehen, speichern und ausdrucken.<\/p>\n<p><b>\u00a7 2 Vertragsabschluss<br \/><\/b>(1) Alle Angebote von Omanda sind<br \/>freibleibend und unverbindlich.<br \/>(2) Ein Vertrag kommt erst durch eine schriftliche oder elektronische Auftragsbest\u00e4tigung von Omanda oder durch Lieferung der Ware zustande.<br \/>(3) Bei Onlinebestellungen kommt der Vertrag durch Anklicken des Buttons \u201eZahlungspflichtig bestellen\u201c zustande.<br \/>(4) Der Vertragstext wird nach Vertragsschluss von Omanda gespeichert und dem Kunden in Textform (z. B. per E-Mail) \u00fcbermittelt.<\/p>\n<p><b>\u00a7 3 Preise und Zahlungsbedingungen<br \/><\/b>(1) Alle Preise verstehen sich in Euro:<br \/>\u2022\u00a0F\u00fcr Verbraucher: einschlie\u00dflich der jeweils g\u00fcltigen gesetzlichen Mehrwertsteuer und zzgl. etwaiger Versandkosten, die vor Abschluss der Bestellung angezeigt werden.<br \/>\u2022 F\u00fcr Unternehmer: zuz\u00fcglich der gesetzlichen Mehrwertsteuer.<br \/>(2) Rechnungen sind sofort nach Erhalt ohne Abzug f\u00e4llig, sofern nichts anderes vereinbart ist.<br \/>(3) Ger\u00e4t der Kunde in Zahlungsverzug, ist Omanda berechtigt, Verzugszinsen in gesetzlicher H\u00f6he (\u00a7 288 BGB) sowie angemessene Mahnkosten zu berechnen.<br \/>(4) Aufrechnungs- oder Zur\u00fcckbehaltungsrechte stehen dem Kunden nur zu, wenn seine Gegenforderung rechtskr\u00e4ftig festgestellt, unbestritten oder von Omanda anerkannt ist.<\/p>\n<p><b>\u00a7 4 Lieferung und Versand<br \/><\/b>1) Liefertermine sind nur verbindlich, wenn sie ausdr\u00fccklich schriftlich best\u00e4tigt wurden.<\/p>\n<p>(2) Ereignisse h\u00f6herer Gewalt \u2013 insbesondere Naturkatastrophen, Pandemien, beh\u00f6rdliche Anordnungen, Streiks, Energie- oder Rohstoffmangel \u2013 berechtigen Omanda, die Lieferung, um die Dauer der St\u00f6rung hinauszuschieben oder vom Vertrag ganz oder teilweise zur\u00fcckzutreten.<br \/>(3) Die Gefahr des zuf\u00e4lligen Untergangs oder der Verschlechterung der Ware geht<br \/>\u2022 bei Verbrauchern: mit \u00dcbergabe der Ware an den Kunden \u00fcber,<br \/>\u2022\u00a0bei Unternehmern: mit \u00dcbergabe an das Transportunternehmen.\u00a0<\/p>\n<p>(4) Teillieferungen sind zul\u00e4ssig, soweit sie dem Kunden zumutbar sind.<\/p>\n<p><b>\u00a7 5 Eigentumsvorbehalt<br \/><\/b>(1) Bis zur vollst\u00e4ndigen Bezahlung bleibt die gelieferte Ware Eigentum von Omanda.<br \/>(2) Unternehmer d\u00fcrfen die Ware im ordnungsgem\u00e4\u00dfen Gesch\u00e4ftsbetrieb weiterver\u00e4u\u00dfern; die hieraus entstehenden Forderungen werden bereits jetzt in H\u00f6he des Rechnungswertes an Omanda abgetreten.<br \/>(3) Eine Verpf\u00e4ndung oder Sicherungs\u00fcbereignung der unter Eigentumsvorbehalt stehenden Ware ist unzul\u00e4ssig.<\/p>\n<p><b>\u00a7 6 Gew\u00e4hrleistung (Sachm\u00e4ngelhaftung)<br \/><\/b>(1) F\u00fcr Verbraucher gilt die gesetzliche Gew\u00e4hrleistung gem\u00e4\u00df \u00a7\u00a7 434 ff. BGB.<br \/>(2) Die Gew\u00e4hrleistungsanspr\u00fcche des Unternehmers wegen Sachm\u00e4ngeln setzen voraus, dass dieser den in \u00a7 377 HGB niedergelegten Untersuchungs- und R\u00fcgeobliegenheiten ordnungsgem\u00e4\u00df nachgekommen ist. M\u00e4ngelr\u00fcgen werden nur ber\u00fccksichtigt, wenn sie schriftlich unter Einsendung von Belegen, Mustern, Packzetteln sowie Angabe der Rechnungsnummer, des Rechnungsdatums und der auf den Packungen befindlichen Kennzeichnungen erhoben werden. Beanstandete Ware darf nur mit unserem ausdr\u00fccklichen Einverst\u00e4ndnis zur\u00fcckgesandt werden. Die R\u00fcge von M\u00e4ngeln, die bei sorgf\u00e4ltiger Pr\u00fcfung erkennbar sind, hat innerhalb von sieben Tagen nach Empfang der Ware zu erfolgen. Sind die M\u00e4ngel bei Pr\u00fcfung nicht erkennbar, hat die R\u00fcge unverz\u00fcglich nach ihrer Feststellung, sp\u00e4testens jedoch ein Jahr nach Empfang der Ware zu erfolgen.<\/p>\n<p>(3) Die \u00dcbernahme der Ware durch Spediteure oder Frachtf\u00fchrer gilt bis zum Beweis des Gegenteils als Nachweis f\u00fcr eine einwandfreie Verpackung.<\/p>\n<p>(4) Bei berechtigten M\u00e4ngelr\u00fcgen leistet Omanda nach Wahl Nacherf\u00fcllung durch Nachbesserung oder Ersatzlieferung.<\/p>\n<p>(5) Unsere anwendungstechnische Beratung in Wort und Schrift ist unverbindlich &#8211; auch in Bezug auf etwaige Schutzrechte Dritter &#8211; und befreit den Kunden nicht von der eigenen Pr\u00fcfung unserer Produkte auf ihre Eignung f\u00fcr die beabsichtigten Verfahren und Zwecke. Verwendung und Verarbeitung der Produkte erfolgen au\u00dferhalb unserer Kontrollm\u00f6glichkeiten und liegen daher ausschlie\u00dflich im Verantwortungsbereich des Kunden.<\/p>\n<p>(6) Schadensersatzanspr\u00fcche wegen geringf\u00fcgiger, die Gebrauchstauglichkeit nicht beeintr\u00e4chtigender Abweichungen sind ausgeschlossen.<\/p>\n<p>(7) F\u00fcr M\u00e4ngel infolge unsachgem\u00e4\u00dfer Lagerung, Behandlung oder Nutzung \u00fcbernimmt Omanda keine Haftung.<\/p>\n<p>(8) Die vorstehenden Gew\u00e4hrleistungsanspr\u00fcche verj\u00e4hren in einem Jahr beginnend mit der Ablieferung der Sache.<\/p>\n<p><strong>\u00a7 7 Lagerung und Handhabung<\/strong><\/p>\n<p>(bei Waren)<\/p>\n<p>Der Kunde ist verpflichtet, die gelieferten Produkte sachgerecht zu lagern und zu transportieren, insbesondere frostfrei, k\u00fchl, trocken und vor direkter Sonneneinstrahlung gesch\u00fctzt, unter Beachtung der Mindesthaltbarkeitsdaten.<\/p>\n<p><b>\u00a7 8 Haftung<\/b><\/p>\n<p>(1) Soweit sich nachstehend nicht etwas anderes ergibt, sind weitergehende als die in den vorstehenden Klauseln genannten Anspr\u00fcche des Kunden &#8211; gleich aus welchen Rechtsgr\u00fcnden &#8211; ausgeschlossen. Omanda haften deshalb nicht f\u00fcr Sch\u00e4den, die nicht am Liefergegenstand selbst entstanden sind, insbesondere haften wir nicht f\u00fcr entgangenen Gewinn oder sonstige Verm\u00f6genssch\u00e4den des Kunden. Die vorstehende Haftungsfreizeichnung gilt nicht, soweit die Schadensursache auf Vorsatz oder grober Fahrl\u00e4ssigkeit beruht. Sie gilt ferner dann nicht, wenn der Kunde wegen des Fehlens einer zugesicherten Eigenschaft Schadensersatzanspr\u00fcche wegen Nichterf\u00fcllung geltend machen kann. Sie gilt schlie\u00dflich dann nicht, wenn wir eine vertragswesentliche Pflicht schuldhaft verletzen. Die Haftungsklausel gilt ferner nicht f\u00fcr eine Verletzung des Lebens, des K\u00f6rpers oder der Gesundheit, die wir fahrl\u00e4ssig verursachen.<\/p>\n<p>(2) Omanda Ersatzpflicht f\u00fcr Sach- und\/oder Personensch\u00e4den ist auf die Ersatzleistung ihrer Haftpflichtversicherung beschr\u00e4nkt. Omanda ist bereit, dem Kunden auf seinen Wunsch hin Einblick in unsere Police zu gew\u00e4hren.<\/p>\n<p>(3) Omandas Haftung ist in jedem Fall auf den vorhersehbaren Schaden begrenzt.<\/p>\n<p>(4) Soweit Omandas Haftung auf Schadensersatz nach den vorstehenden Abs\u00e4tzen 1 \u2013 3 ausgeschlossen oder beschr\u00e4nkt ist, gilt dies auch f\u00fcr alle Anspr\u00fcche wegen Verschuldens bei Vertragsschluss, Verletzung von Nebenpflichten, Anspr\u00fcchen aus Produzentenhaftung gem\u00e4\u00df \u00a7 823 BGB und weiteren Anspruchsgrundlagen. Die vorstehende Regelung gilt nicht f\u00fcr nicht abdingbare gesetzliche Anspr\u00fcche wie solche auf Grundlage des Produkthaftungsgesetzes.<\/p>\n<p>(5) Soweit die Haftung von Omanda ausgeschlossen oder be-schr\u00e4nkt ist, gilt dies auch f\u00fcr die pers\u00f6nliche Haftung ihrer Arbeitnehmer, Mitarbeiter, Vertreter und Erf\u00fcllungsgehilfen.<\/p>\n<p><b>\u00a7 9 Widerrufsrecht f\u00fcr Verbraucher<\/b><\/p>\n<p>(1) Verbraucher haben ein gesetzliches Widerrufsrecht gem\u00e4\u00df \u00a7\u00a7 355 ff. BGB.<\/p>\n<p>(2) Eine vollst\u00e4ndige Widerrufsbelehrung wird dem Verbraucher vor Vertragsschluss in Textform (z. B. per E-Mail) zur Verf\u00fcgung gestellt.<\/p>\n<p>(3) Das Widerrufsrecht besteht nicht bei individuell angefertigten Waren oder bei versiegelten Artikeln, die aus Gr\u00fcnden des Gesundheitsschutzes oder der Hygiene nicht zur R\u00fcckgabe geeignet sind, sofern die Versiegelung nach der Lieferung entfernt wurde.<\/p>\n<p><b>\u00a7 10 Datenschutz<\/b><\/p>\n<p>Omanda verarbeitet personenbezogene Daten der Kunden aus-schlie\u00dflich gem\u00e4\u00df den geltenden<\/p>\n<p>Datenschutzgesetzen, insbesondere der DSGVO und des BDSG.<\/p>\n<p>Die Datenverarbeitung erfolgt auf Grundlage von Art. 6 Abs. 1 lit. b DSGVO zur Vertragserf\u00fcllung. N\u00e4here Informationen finden sich in der Datenschutzerkl\u00e4rung unter www.omanda.de\/datenschutz.<\/p>\n<p><b>\u00a7 11 Erf\u00fcllungsort, Gerichtsstand, anwendbares Recht<\/b><\/p>\n<p>(1) Erf\u00fcllungsort ist der Sitz der Omanda Europe GmbH, Rheinfelden (Deutschland).<\/p>\n<p>(2) Es gilt deutsches Recht unter Ausschluss des UN-Kaufrechts (CISG).<\/p>\n<p>(3) F\u00fcr Verbraucher gelten die gesetzlichen Gerichtsst\u00e4nde. F\u00fcr Kaufleute, juristische Personen des \u00f6ffentlichen Rechts oder \u00f6ffentlich-rechtliche Sonderverm\u00f6gen ist ausschlie\u00dflicher Gerichtsstand Rheinfelden bzw. das zust\u00e4ndige Gericht in L\u00f6rrach.<\/p>\n<p><b>\u00a7 12 Salvatorische Klausel<\/b><\/p>\n<p>Sollte eine Bestimmung dieser AGB ganz oder teilweise unwirksam sein, bleibt die Wirksamkeit der \u00fcbrigen Bestimmungen unber\u00fchrt. An die Stelle der unwirksamen Regelung tritt die gesetzliche Bestimmung.<\/p>\n<p>Omanda Europe GmbH<\/p>\n<p>G\u00fcterstra\u00dfe 26<br \/>79618 Rheinfelden<br \/>Deutschland<br \/>Gesch\u00e4ftsf\u00fchrer: Yusuf Emer <br \/>USt-IdNr.: DE320126462 <br \/>E-Mail: <a href=\"mailto:info@omanda.de\">info@omanda.de<\/a> <br \/>Web: <a href=\"http:\/\/www.omanda.de\" target=\"_blank\" rel=\"noopener\">www.omanda.e<\/a><\/p>\n<p><!-- \/wp:paragraph --><\/p>\t\t\t\t\t\t\t\t<\/div>\n\t\t\t\t<\/div>\n\t\t\t\t\t<\/div>\n\t\t<\/div>\n\t\t\t\t\t<\/div>\n\t\t<\/section>\n\t\t\t\t<\/div>","protected":false},"excerpt":{"rendered":"<p>Allgemeine Gesch\u00e4ftsbedingungen (AGB) Der Omanda Europe GmbH \u00a7 1 Geltungsbereich(1) Diese Allgemeinen Gesch\u00e4ftsbedingungen (AGB) gelten f\u00fcr alle Vertr\u00e4ge \u00fcber den Verkauf von Waren und die Erbringung von Dienstleistungen zwischenOmanda Europe GmbH,G\u00fcterstra\u00dfe 26, 79618 Rheinfelden, Deutschland, Telefon: +49 7531 5848155E-Mail: info@omanda.deWeb: www.omanda.de\u2013 nachfolgend \u201eOmanda\u201c genannt \u2013 und ihren Kunden.(2) Kunden im Sinne dieser AGB sind sowohl [&hellip;]<\/p>\n","protected":false},"author":3,"featured_media":0,"parent":0,"menu_order":0,"comment_status":"closed","ping_status":"closed","template":"","meta":{"_monsterinsights_skip_tracking":false,"_monsterinsights_sitenote_active":false,"_monsterinsights_sitenote_note":"","_monsterinsights_sitenote_category":0,"footnotes":""},"class_list":["post-4757","page","type-page","status-publish","hentry"],"_links":{"self":[{"href":"https:\/\/omanda.ch\/fr\/wp-json\/wp\/v2\/pages\/4757","targetHints":{"allow":["GET"]}}],"collection":[{"href":"https:\/\/omanda.ch\/fr\/wp-json\/wp\/v2\/pages"}],"about":[{"href":"https:\/\/omanda.ch\/fr\/wp-json\/wp\/v2\/types\/page"}],"author":[{"embeddable":true,"href":"https:\/\/omanda.ch\/fr\/wp-json\/wp\/v2\/users\/3"}],"replies":[{"embeddable":true,"href":"https:\/\/omanda.ch\/fr\/wp-json\/wp\/v2\/comments?post=4757"}],"version-history":[{"count":28,"href":"https:\/\/omanda.ch\/fr\/wp-json\/wp\/v2\/pages\/4757\/revisions"}],"predecessor-version":[{"id":4787,"href":"https:\/\/omanda.ch\/fr\/wp-json\/wp\/v2\/pages\/4757\/revisions\/4787"}],"wp:attachment":[{"href":"https:\/\/omanda.ch\/fr\/wp-json\/wp\/v2\/media?parent=4757"}],"curies":[{"name":"wp","href":"https:\/\/api.w.org\/{rel}","templated":true}]}}