{"id":4033,"date":"2022-12-05T11:09:54","date_gmt":"2022-12-05T11:09:54","guid":{"rendered":"https:\/\/omanda.ch\/?post_type=product&#038;p=4033"},"modified":"2026-04-01T08:41:40","modified_gmt":"2026-04-01T08:41:40","slug":"avasan","status":"publish","type":"product","link":"https:\/\/omanda.ch\/fr\/shop\/avasan\/","title":{"rendered":"AVASAN Instant Thickener"},"content":{"rendered":"<p>AVASAN Instant Thickener est une poudre \u00e9paississante instantan\u00e9e sp\u00e9cialement d\u00e9velopp\u00e9e pour \u00e9paissir les aliments et les boissons destin\u00e9s aux personnes souffrant de troubles de la d\u00e9glutition. Cela permet de garantir que les aliments et les boissons peuvent \u00eatre aval\u00e9s en toute s\u00e9curit\u00e9 et de r\u00e9duire le risque d\u2019aspiration (fausse route).<\/p>","protected":false},"excerpt":{"rendered":"<p>AVASAN Instant Thickener est une poudre \u00e9paississante instantan\u00e9e sp\u00e9cialement d\u00e9velopp\u00e9e pour \u00e9paissir les aliments et les boissons destin\u00e9s aux personnes souffrant de troubles de la d\u00e9glutition. Cela permet de garantir que les aliments et les boissons peuvent \u00eatre aval\u00e9s en toute s\u00e9curit\u00e9 et de r\u00e9duire le risque d\u2019aspiration (fausse route).<\/p>","protected":false},"featured_media":4036,"template":"","meta":{"_monsterinsights_skip_tracking":false,"_monsterinsights_sitenote_active":false,"_monsterinsights_sitenote_note":"","_monsterinsights_sitenote_category":0},"product_brand":[],"product_cat":[95,21],"product_tag":[91],"class_list":{"0":"post-4033","1":"product","2":"type-product","3":"status-publish","4":"has-post-thumbnail","6":"product_cat-bestellbar","7":"product_cat-mangelernaehrung","8":"product_tag-avasan","10":"first","11":"instock","12":"taxable","13":"shipping-taxable","14":"purchasable","15":"product-type-variable","16":"has-default-attributes"},"_links":{"self":[{"href":"https:\/\/omanda.ch\/fr\/wp-json\/wp\/v2\/product\/4033","targetHints":{"allow":["GET"]}}],"collection":[{"href":"https:\/\/omanda.ch\/fr\/wp-json\/wp\/v2\/product"}],"about":[{"href":"https:\/\/omanda.ch\/fr\/wp-json\/wp\/v2\/types\/product"}],"wp:featuredmedia":[{"embeddable":true,"href":"https:\/\/omanda.ch\/fr\/wp-json\/wp\/v2\/media\/4036"}],"wp:attachment":[{"href":"https:\/\/omanda.ch\/fr\/wp-json\/wp\/v2\/media?parent=4033"}],"wp:term":[{"taxonomy":"product_brand","embeddable":true,"href":"https:\/\/omanda.ch\/fr\/wp-json\/wp\/v2\/product_brand?post=4033"},{"taxonomy":"product_cat","embeddable":true,"href":"https:\/\/omanda.ch\/fr\/wp-json\/wp\/v2\/product_cat?post=4033"},{"taxonomy":"product_tag","embeddable":true,"href":"https:\/\/omanda.ch\/fr\/wp-json\/wp\/v2\/product_tag?post=4033"}],"curies":[{"name":"wp","href":"https:\/\/api.w.org\/{rel}","templated":true}]}}