{"id":4867,"date":"2022-08-10T12:09:08","date_gmt":"2022-08-10T12:09:08","guid":{"rendered":"https:\/\/omanda.ch\/?post_type=product&#038;p=4867"},"modified":"2026-03-21T05:54:53","modified_gmt":"2026-03-21T05:54:53","slug":"woundmix","status":"publish","type":"product","link":"https:\/\/omanda.ch\/fr\/shop\/woundmix\/","title":{"rendered":"WOUNDMIX"},"content":{"rendered":"<p>La poudre de boisson compl\u00e9mentaire Woundmix est utilis\u00e9e en compl\u00e9ment d\u2019une alimentation riche en prot\u00e9ines chez les personnes pr\u00e9sentant des troubles chroniques de la cicatrisation. Woundmix contient les nutriments essentiels \u00e0 la cicatrisation : arginine, glutamine, vitamines A, D, E, K, C ainsi que les min\u00e9raux calcium, phosphore, zinc, s\u00e9l\u00e9nium.<\/p>","protected":false},"excerpt":{"rendered":"<p>La poudre de boisson compl\u00e9mentaire Woundmix est utilis\u00e9e en compl\u00e9ment d\u2019une alimentation riche en prot\u00e9ines chez les personnes pr\u00e9sentant des troubles chroniques de la cicatrisation. Woundmix contient les nutriments essentiels \u00e0 la cicatrisation : arginine, glutamine, vitamines A, D, E, K, C ainsi que les min\u00e9raux calcium, phosphore, zinc, s\u00e9l\u00e9nium.<\/p>","protected":false},"featured_media":4866,"template":"","meta":{"_monsterinsights_skip_tracking":false,"_monsterinsights_sitenote_active":false,"_monsterinsights_sitenote_note":"","_monsterinsights_sitenote_category":0},"product_brand":[],"product_cat":[95,98],"product_tag":[],"class_list":{"0":"post-4867","1":"product","2":"type-product","3":"status-publish","4":"has-post-thumbnail","6":"product_cat-bestellbar","7":"product_cat-wundheilung","9":"first","10":"instock","11":"taxable","12":"shipping-taxable","13":"purchasable","14":"product-type-variable","15":"has-default-attributes"},"_links":{"self":[{"href":"https:\/\/omanda.ch\/fr\/wp-json\/wp\/v2\/product\/4867","targetHints":{"allow":["GET"]}}],"collection":[{"href":"https:\/\/omanda.ch\/fr\/wp-json\/wp\/v2\/product"}],"about":[{"href":"https:\/\/omanda.ch\/fr\/wp-json\/wp\/v2\/types\/product"}],"wp:featuredmedia":[{"embeddable":true,"href":"https:\/\/omanda.ch\/fr\/wp-json\/wp\/v2\/media\/4866"}],"wp:attachment":[{"href":"https:\/\/omanda.ch\/fr\/wp-json\/wp\/v2\/media?parent=4867"}],"wp:term":[{"taxonomy":"product_brand","embeddable":true,"href":"https:\/\/omanda.ch\/fr\/wp-json\/wp\/v2\/product_brand?post=4867"},{"taxonomy":"product_cat","embeddable":true,"href":"https:\/\/omanda.ch\/fr\/wp-json\/wp\/v2\/product_cat?post=4867"},{"taxonomy":"product_tag","embeddable":true,"href":"https:\/\/omanda.ch\/fr\/wp-json\/wp\/v2\/product_tag?post=4867"}],"curies":[{"name":"wp","href":"https:\/\/api.w.org\/{rel}","templated":true}]}}