{"id":5106,"date":"2022-12-09T12:00:27","date_gmt":"2022-12-09T12:00:27","guid":{"rendered":"https:\/\/omanda.ch\/?post_type=product&#038;p=5106"},"modified":"2026-04-01T13:20:37","modified_gmt":"2026-04-01T13:20:37","slug":"moltein-juicy-high-protein","status":"publish","type":"product","link":"https:\/\/omanda.ch\/fr\/shop\/moltein-juicy-high-protein\/","title":{"rendered":"Moltein JUICY High Protein"},"content":{"rendered":"<p>Moltein JUICY High Protein est un produit nutritif oral riche en \u00e9nergie et \u00e9quilibr\u00e9, au liquide clair et au go\u00fbt fruit\u00e9. Moltein JUICY High Protein se compose de prot\u00e9ines de lactos\u00e9rum de haute qualit\u00e9, de glucides ainsi que de toutes les vitamines et min\u00e9raux n\u00e9cessaires. Le produit ne contient pas de mati\u00e8res grasses. Moltein JUICY High Protein est rembours\u00e9 par les caisses maladie conform\u00e9ment aux directives de la SSNC.<\/p>","protected":false},"excerpt":{"rendered":"<p>Moltein JUICY High Protein est un produit nutritif oral riche en \u00e9nergie et \u00e9quilibr\u00e9, au liquide clair et au go\u00fbt fruit\u00e9. Moltein JUICY High Protein se compose de prot\u00e9ines de lactos\u00e9rum de haute qualit\u00e9, de glucides ainsi que de toutes les vitamines et min\u00e9raux n\u00e9cessaires. Le produit ne contient pas de mati\u00e8res grasses. Moltein JUICY High Protein est rembours\u00e9 par les caisses maladie conform\u00e9ment aux directives de la SSNC.<\/p>","protected":false},"featured_media":5139,"template":"","meta":{"_monsterinsights_skip_tracking":false,"_monsterinsights_sitenote_active":false,"_monsterinsights_sitenote_note":"","_monsterinsights_sitenote_category":0},"product_brand":[],"product_cat":[95,21],"product_tag":[49,51],"class_list":{"0":"post-5106","1":"product","2":"type-product","3":"status-publish","4":"has-post-thumbnail","6":"product_cat-bestellbar","7":"product_cat-mangelernaehrung","8":"product_tag-moltein","9":"product_tag-proteinreiche-ernaehrung","11":"first","12":"instock","13":"taxable","14":"shipping-taxable","15":"purchasable","16":"product-type-variable","17":"has-default-attributes"},"_links":{"self":[{"href":"https:\/\/omanda.ch\/fr\/wp-json\/wp\/v2\/product\/5106","targetHints":{"allow":["GET"]}}],"collection":[{"href":"https:\/\/omanda.ch\/fr\/wp-json\/wp\/v2\/product"}],"about":[{"href":"https:\/\/omanda.ch\/fr\/wp-json\/wp\/v2\/types\/product"}],"wp:featuredmedia":[{"embeddable":true,"href":"https:\/\/omanda.ch\/fr\/wp-json\/wp\/v2\/media\/5139"}],"wp:attachment":[{"href":"https:\/\/omanda.ch\/fr\/wp-json\/wp\/v2\/media?parent=5106"}],"wp:term":[{"taxonomy":"product_brand","embeddable":true,"href":"https:\/\/omanda.ch\/fr\/wp-json\/wp\/v2\/product_brand?post=5106"},{"taxonomy":"product_cat","embeddable":true,"href":"https:\/\/omanda.ch\/fr\/wp-json\/wp\/v2\/product_cat?post=5106"},{"taxonomy":"product_tag","embeddable":true,"href":"https:\/\/omanda.ch\/fr\/wp-json\/wp\/v2\/product_tag?post=5106"}],"curies":[{"name":"wp","href":"https:\/\/api.w.org\/{rel}","templated":true}]}}